{"id":5498,"date":"2024-05-25T08:14:59","date_gmt":"2024-05-25T06:14:59","guid":{"rendered":"https:\/\/gizarte-zerbitzuak.behatuz.eus\/nire-egoera\/gizarte-bazterketa-egoeran-dagoen-pertsona\/"},"modified":"2025-02-01T10:08:34","modified_gmt":"2025-02-01T09:08:34","slug":"gizarte-bazterketa-egoeran-dagoen-pertsona","status":"publish","type":"page","link":"https:\/\/gizarte-zerbitzuak.behatuz.eus\/eu\/nire-egoera\/gizarte-bazterketa-egoeran-dagoen-pertsona\/","title":{"rendered":"Gizarte-bazterketa egoeran dagoen pertsona"},"content":{"rendered":"\n\n\t<nav id=\"breadcrumbs\" aria-label=\"Breadcrumbs\"><a aria-label=\"Imprimir p\u00e1gina en PDF\" title=\"Imprimir p\u00e1gina en PDF\" href=\"https:\/\/gizarte-zerbitzuak.behatuz.eus\/eu\/\">Portada<\/a> \/ <a aria-label=\"Imprimir p\u00e1gina en PDF\" title=\"Imprimir p\u00e1gina en PDF\" href=\"https:\/\/gizarte-zerbitzuak.behatuz.eus\/eu\/nire-egoera\/\">Nire egoera<\/a> \/ Gizarte-bazterketa egoeran dagoen pertsona<\/nav>\n\t<a aria-label=\"Imprimir p\u00e1gina en PDF\" title=\"Imprimir p\u00e1gina en PDF\" href=\"\" target=\"_self\" role=\"button\" aria-label=\"\">\n\t\t\t\t\t<\/a>\n\t\t\t\tGarrantzitsua\n\t\t\t\t<p><strong>Adi: hemen Gizarte Zerbitzuei buruzko informazioa baino ez duzu aurkituko.<\/strong><\/p>\n<p>Hau da, beste baliabide batzuei buruzko informazioa bilatzen baduzu, hala nola Diru-sarrerak Bermatzeko Errentari (DSBE) buruzkoa, familientzako kontziliazio-laguntzei buruzkoa, adingabeak eskolatzeari buruzkoa edo osasun-zerbitzuetarako sarbideari buruzkoa, Hezkuntza, Familia eta Haurtzaroa, Osakidetza edo Lanbideren atarietara jo behar duzu informazioa jasotzeko. <\/p>\n<p>Webgune honetan jasotzen diren prestazioez gain, udal bakoitzak eta aldundi bakoitzak beste zerbitzu eta prestazio batzuk izan ditzakete Gizarte Zerbitzuen arloan.<\/p>\n\t\t\n\t<p>Gizarte-zerbitzuek <strong>zure bizi-baldintzak hobetzeko eta gizarteratzeko laguntza<\/strong> eskaini nahi dizute. Aukeratu behar duzuna eta ezagutu eskura dituzun baliabideak. <\/p>\n\t\t\t\t\t\t\t<img decoding=\"async\" src=\"https:\/\/gizarte-zerbitzuak.behatuz.eus\/wp-content\/uploads\/2024\/05\/persona-exclusion-social-informacion-orientacion.svg\" alt=\"Servicios Sociales de Euskadi - Informaci\u00f3n y orientaci\u00f3n para personas en situaci\u00f3n de exclusi\u00f3n social\" width=\"100\" height=\"100\" \/>\n\t\t<h2><a aria-label=\"Imprimir p\u00e1gina en PDF\" title=\"Imprimir p\u00e1gina en PDF\" href=\"https:\/\/gizarte-zerbitzuak.behatuz.eus\/eu\/nire-egoera\/gizarte-bazterketa-egoeran-dagoen-pertsona\/zerbitzuei-buruzko-informazioa-eta-nola-eskuratu\/\" target=\"_self\">Zerbitzuei buruzko informazioa eta nola eskuratu<\/a><\/h2>\n\t\t\t\t\t\t\t<img decoding=\"async\" src=\"https:\/\/gizarte-zerbitzuak.behatuz.eus\/wp-content\/uploads\/2024\/06\/persona-exclusion-social-apoyo-socioeducativo.svg\" alt=\"persona-exclusion-social-apoyo-socioeducativo\" width=\"100\" height=\"100\" \/>\n\t\t<h2><a aria-label=\"Imprimir p\u00e1gina en PDF\" title=\"Imprimir p\u00e1gina en PDF\" href=\"https:\/\/gizarte-zerbitzuak.behatuz.eus\/eu\/nire-egoera\/gizarte-bazterketa-egoeran-dagoen-pertsona\/arreta-psikologikoa-soziala-eta-hezitzailea-bizi-kalitatea-hobetzeko\/\" target=\"_self\">Trebetasunak eta ohiturak hobetzeko laguntza sozio-educatiboa eta psikosoziala<\/a><\/h2>\n\t\t\t\t\t\t\t<img decoding=\"async\" src=\"https:\/\/gizarte-zerbitzuak.behatuz.eus\/wp-content\/uploads\/2024\/06\/persona-exclusion-social-atencion-dia.svg\" alt=\"persona-exclusion-social-atencion-dia\" width=\"100\" height=\"100\" \/>\n\t\t<h2><a aria-label=\"Imprimir p\u00e1gina en PDF\" title=\"Imprimir p\u00e1gina en PDF\" href=\"https:\/\/gizarte-zerbitzuak.behatuz.eus\/eu\/nire-egoera\/gizarte-bazterketa-egoeran-dagoen-pertsona\/eguneko-arreta-eta-gizarteratzeko-laguntza\/\" target=\"_self\">Eguneko arreta eta gizarteratzeko laguntza<\/a><\/h2>\n\t\t\t\t\t\t\t<img decoding=\"async\" src=\"https:\/\/gizarte-zerbitzuak.behatuz.eus\/wp-content\/uploads\/2024\/06\/persona-exclusion-social-alojamiento-temporal.svg\" alt=\"persona-exclusion-social-alojamiento-temporal\" width=\"100\" height=\"100\" \/>\n\t\t<h2><a aria-label=\"Imprimir p\u00e1gina en PDF\" title=\"Imprimir p\u00e1gina en PDF\" href=\"https:\/\/gizarte-zerbitzuak.behatuz.eus\/eu\/nire-egoera\/gizarte-bazterketa-egoeran-dagoen-pertsona\/aldi-baterako-ostatu-zerbitzua-edo-egonaldi-luzea\/\" target=\"_self\">Hosting zerbitzua<\/a><\/h2>\n\t\t\t\t\t\t\t<img decoding=\"async\" src=\"https:\/\/gizarte-zerbitzuak.behatuz.eus\/wp-content\/uploads\/2024\/05\/persona-exclusion-social-ayudas-economicas.svg\" alt=\"Servicios Sociales de Euskadi - Ayudas econ\u00f3micas para personas en situaci\u00f3n de exclusi\u00f3n social\" width=\"100\" height=\"100\" \/>\n\t\t<h2><a aria-label=\"Imprimir p\u00e1gina en PDF\" title=\"Imprimir p\u00e1gina en PDF\" href=\"https:\/\/gizarte-zerbitzuak.behatuz.eus\/eu\/nire-egoera\/gizarte-bazterketa-egoeran-dagoen-pertsona\/laguntza-ekonomikoak-zuretzat-edo-zure-zaintzaileentzat\/\" target=\"_self\">diru laguntzak  <\/a><\/h2>\n\t\t\t\t\t\t\t<img decoding=\"async\" src=\"https:\/\/gizarte-zerbitzuak.behatuz.eus\/wp-content\/uploads\/2025\/01\/atencion-a-situaciones-de-urgencia-o-emergencia-social.svg\" alt=\"atencion-a-situaciones-de-urgencia-o-emergencia-social\" width=\"100\" height=\"100\" \/>\n\t\t<h2><a aria-label=\"Imprimir p\u00e1gina en PDF\" title=\"Imprimir p\u00e1gina en PDF\" href=\"https:\/\/gizarte-zerbitzuak.behatuz.eus\/eu\/nire-egoera\/gizarte-bazterketa-egoeran-dagoen-pertsona\/gizarte-larrialdi-egoeretarako-arreta\/\" target=\"_self\">Gizarte-larrialdi egoeretarako arreta<\/a><\/h2>\n\n","protected":false},"excerpt":{"rendered":"<p>Portada \/ Nire egoera \/ Gizarte-bazterketa egoeran dagoen pertsona Garrantzitsua Adi: hemen Gizarte Zerbitzuei buruzko informazioa baino ez duzu aurkituko. Hau da, beste baliabide batzuei buruzko informazioa bilatzen baduzu, hala nola Diru-sarrerak Bermatzeko Errentari (DSBE) buruzkoa, familientzako kontziliazio-laguntzei buruzkoa, adingabeak eskolatzeari buruzkoa edo osasun-zerbitzuetarako sarbideari buruzkoa, Hezkuntza, Familia eta Haurtzaroa, Osakidetza edo Lanbideren atarietara jo&hellip;<\/p>\n","protected":false},"author":3,"featured_media":0,"parent":4566,"menu_order":456,"comment_status":"closed","ping_status":"closed","template":"","meta":{"_relevanssi_hide_post":"","_relevanssi_hide_content":"","_relevanssi_pin_for_all":"","_relevanssi_pin_keywords":"","_relevanssi_unpin_keywords":"","_relevanssi_related_keywords":"","_relevanssi_related_include_ids":"","_relevanssi_related_exclude_ids":"","_relevanssi_related_no_append":"","_relevanssi_related_not_related":"","_relevanssi_related_posts":"","_relevanssi_noindex_reason":"","inline_featured_image":false,"footnotes":""},"categories":[166],"tags":[],"class_list":["post-5498","page","type-page","status-publish","hentry","category-nagusia"],"yoast_head":"<!-- This site is optimized with the Yoast SEO Premium plugin v24.5 (Yoast SEO v27.3) - https:\/\/yoast.com\/product\/yoast-seo-premium-wordpress\/ -->\n<title>Gizarte-bazterketa egoeran dagoen pertsona - Behatuz<\/title>\n<meta name=\"robots\" content=\"index, follow, max-snippet:-1, max-image-preview:large, max-video-preview:-1\" \/>\n<link rel=\"canonical\" href=\"https:\/\/gizarte-zerbitzuak.behatuz.eus\/eu\/nire-egoera\/gizarte-bazterketa-egoeran-dagoen-pertsona\/\" \/>\n<meta property=\"og:locale\" content=\"eu_ES\" \/>\n<meta property=\"og:type\" content=\"article\" \/>\n<meta property=\"og:title\" content=\"Gizarte-bazterketa egoeran dagoen pertsona\" \/>\n<meta property=\"og:description\" content=\"Portada \/ Nire egoera \/ Gizarte-bazterketa egoeran dagoen pertsona Garrantzitsua Adi: hemen Gizarte Zerbitzuei buruzko informazioa baino ez duzu aurkituko. Hau da, beste baliabide batzuei buruzko informazioa bilatzen baduzu, hala nola Diru-sarrerak Bermatzeko Errentari (DSBE) buruzkoa, familientzako kontziliazio-laguntzei buruzkoa, adingabeak eskolatzeari buruzkoa edo osasun-zerbitzuetarako sarbideari buruzkoa, Hezkuntza, Familia eta Haurtzaroa, Osakidetza edo Lanbideren atarietara jo&hellip;\" \/>\n<meta property=\"og:url\" content=\"https:\/\/gizarte-zerbitzuak.behatuz.eus\/eu\/nire-egoera\/gizarte-bazterketa-egoeran-dagoen-pertsona\/\" \/>\n<meta property=\"og:site_name\" content=\"Behatuz\" \/>\n<meta property=\"article:modified_time\" content=\"2025-02-01T09:08:34+00:00\" \/>\n<meta property=\"og:image\" content=\"https:\/\/gizarte-zerbitzuak.behatuz.eus\/wp-content\/uploads\/2024\/05\/persona-exclusion-social-informacion-orientacion.svg\" \/>\n<meta name=\"twitter:card\" content=\"summary_large_image\" \/>\n<meta name=\"twitter:label1\" content=\"Est. reading time\" \/>\n\t<meta name=\"twitter:data1\" content=\"1 minute\" \/>\n<script type=\"application\/ld+json\" class=\"yoast-schema-graph\">{\"@context\":\"https:\\\/\\\/schema.org\",\"@graph\":[{\"@type\":\"TechArticle\",\"@id\":\"https:\\\/\\\/gizarte-zerbitzuak.behatuz.eus\\\/eu\\\/nire-egoera\\\/gizarte-bazterketa-egoeran-dagoen-pertsona\\\/#article\",\"isPartOf\":{\"@id\":\"https:\\\/\\\/gizarte-zerbitzuak.behatuz.eus\\\/eu\\\/nire-egoera\\\/gizarte-bazterketa-egoeran-dagoen-pertsona\\\/\"},\"author\":{\"name\":\"Behatuz SiiS\",\"@id\":\"https:\\\/\\\/gizarte-zerbitzuak.behatuz.eus\\\/eu\\\/#\\\/schema\\\/person\\\/4b6e06991eb4732ad1ed9101bfe40ff8\"},\"headline\":\"Gizarte-bazterketa egoeran dagoen pertsona\",\"datePublished\":\"2024-05-25T06:14:59+00:00\",\"dateModified\":\"2025-02-01T09:08:34+00:00\",\"mainEntityOfPage\":{\"@id\":\"https:\\\/\\\/gizarte-zerbitzuak.behatuz.eus\\\/eu\\\/nire-egoera\\\/gizarte-bazterketa-egoeran-dagoen-pertsona\\\/\"},\"wordCount\":126,\"publisher\":{\"@id\":\"https:\\\/\\\/gizarte-zerbitzuak.behatuz.eus\\\/eu\\\/#organization\"},\"image\":{\"@id\":\"https:\\\/\\\/gizarte-zerbitzuak.behatuz.eus\\\/eu\\\/nire-egoera\\\/gizarte-bazterketa-egoeran-dagoen-pertsona\\\/#primaryimage\"},\"thumbnailUrl\":\"https:\\\/\\\/gizarte-zerbitzuak.behatuz.eus\\\/wp-content\\\/uploads\\\/2024\\\/05\\\/persona-exclusion-social-informacion-orientacion.svg\",\"articleSection\":[\"Nagusia\"],\"inLanguage\":\"eu-ES\"},{\"@type\":\"WebPage\",\"@id\":\"https:\\\/\\\/gizarte-zerbitzuak.behatuz.eus\\\/eu\\\/nire-egoera\\\/gizarte-bazterketa-egoeran-dagoen-pertsona\\\/\",\"url\":\"https:\\\/\\\/gizarte-zerbitzuak.behatuz.eus\\\/eu\\\/nire-egoera\\\/gizarte-bazterketa-egoeran-dagoen-pertsona\\\/\",\"name\":\"Gizarte-bazterketa egoeran dagoen pertsona - Behatuz\",\"isPartOf\":{\"@id\":\"https:\\\/\\\/gizarte-zerbitzuak.behatuz.eus\\\/eu\\\/#website\"},\"primaryImageOfPage\":{\"@id\":\"https:\\\/\\\/gizarte-zerbitzuak.behatuz.eus\\\/eu\\\/nire-egoera\\\/gizarte-bazterketa-egoeran-dagoen-pertsona\\\/#primaryimage\"},\"image\":{\"@id\":\"https:\\\/\\\/gizarte-zerbitzuak.behatuz.eus\\\/eu\\\/nire-egoera\\\/gizarte-bazterketa-egoeran-dagoen-pertsona\\\/#primaryimage\"},\"thumbnailUrl\":\"https:\\\/\\\/gizarte-zerbitzuak.behatuz.eus\\\/wp-content\\\/uploads\\\/2024\\\/05\\\/persona-exclusion-social-informacion-orientacion.svg\",\"datePublished\":\"2024-05-25T06:14:59+00:00\",\"dateModified\":\"2025-02-01T09:08:34+00:00\",\"breadcrumb\":{\"@id\":\"https:\\\/\\\/gizarte-zerbitzuak.behatuz.eus\\\/eu\\\/nire-egoera\\\/gizarte-bazterketa-egoeran-dagoen-pertsona\\\/#breadcrumb\"},\"inLanguage\":\"eu-ES\",\"potentialAction\":[{\"@type\":\"ReadAction\",\"target\":[\"https:\\\/\\\/gizarte-zerbitzuak.behatuz.eus\\\/eu\\\/nire-egoera\\\/gizarte-bazterketa-egoeran-dagoen-pertsona\\\/\"]}]},{\"@type\":\"ImageObject\",\"inLanguage\":\"eu-ES\",\"@id\":\"https:\\\/\\\/gizarte-zerbitzuak.behatuz.eus\\\/eu\\\/nire-egoera\\\/gizarte-bazterketa-egoeran-dagoen-pertsona\\\/#primaryimage\",\"url\":\"https:\\\/\\\/gizarte-zerbitzuak.behatuz.eus\\\/wp-content\\\/uploads\\\/2024\\\/05\\\/persona-exclusion-social-informacion-orientacion.svg\",\"contentUrl\":\"https:\\\/\\\/gizarte-zerbitzuak.behatuz.eus\\\/wp-content\\\/uploads\\\/2024\\\/05\\\/persona-exclusion-social-informacion-orientacion.svg\"},{\"@type\":\"BreadcrumbList\",\"@id\":\"https:\\\/\\\/gizarte-zerbitzuak.behatuz.eus\\\/eu\\\/nire-egoera\\\/gizarte-bazterketa-egoeran-dagoen-pertsona\\\/#breadcrumb\",\"itemListElement\":[{\"@type\":\"ListItem\",\"position\":1,\"name\":\"Portada\",\"item\":\"https:\\\/\\\/gizarte-zerbitzuak.behatuz.eus\\\/eu\\\/\"},{\"@type\":\"ListItem\",\"position\":2,\"name\":\"Nire egoera\",\"item\":\"https:\\\/\\\/gizarte-zerbitzuak.behatuz.eus\\\/eu\\\/nire-egoera\\\/\"},{\"@type\":\"ListItem\",\"position\":3,\"name\":\"Gizarte-bazterketa egoeran dagoen pertsona\"}]},{\"@type\":\"WebSite\",\"@id\":\"https:\\\/\\\/gizarte-zerbitzuak.behatuz.eus\\\/eu\\\/#website\",\"url\":\"https:\\\/\\\/gizarte-zerbitzuak.behatuz.eus\\\/eu\\\/\",\"name\":\"Behatuz: Cat\u00e1logo de Servicios Sociales de Euskadi\",\"description\":\"Behatuz: Cat\u00e1logo de Servicios Sociales de Euskadi\",\"publisher\":{\"@id\":\"https:\\\/\\\/gizarte-zerbitzuak.behatuz.eus\\\/eu\\\/#organization\"},\"potentialAction\":[{\"@type\":\"SearchAction\",\"target\":{\"@type\":\"EntryPoint\",\"urlTemplate\":\"https:\\\/\\\/gizarte-zerbitzuak.behatuz.eus\\\/eu\\\/?s={search_term_string}\"},\"query-input\":{\"@type\":\"PropertyValueSpecification\",\"valueRequired\":true,\"valueName\":\"search_term_string\"}}],\"inLanguage\":\"eu-ES\"},{\"@type\":\"Organization\",\"@id\":\"https:\\\/\\\/gizarte-zerbitzuak.behatuz.eus\\\/eu\\\/#organization\",\"name\":\"Behatuz\",\"url\":\"https:\\\/\\\/gizarte-zerbitzuak.behatuz.eus\\\/eu\\\/\",\"logo\":{\"@type\":\"ImageObject\",\"inLanguage\":\"eu-ES\",\"@id\":\"https:\\\/\\\/gizarte-zerbitzuak.behatuz.eus\\\/eu\\\/#\\\/schema\\\/logo\\\/image\\\/\",\"url\":\"https:\\\/\\\/gizarte-zerbitzuak.behatuz.eus\\\/wp-content\\\/uploads\\\/2024\\\/04\\\/Logo.svg\",\"contentUrl\":\"https:\\\/\\\/gizarte-zerbitzuak.behatuz.eus\\\/wp-content\\\/uploads\\\/2024\\\/04\\\/Logo.svg\",\"width\":180,\"height\":64,\"caption\":\"Behatuz\"},\"image\":{\"@id\":\"https:\\\/\\\/gizarte-zerbitzuak.behatuz.eus\\\/eu\\\/#\\\/schema\\\/logo\\\/image\\\/\"}},{\"@type\":\"Person\",\"@id\":\"https:\\\/\\\/gizarte-zerbitzuak.behatuz.eus\\\/eu\\\/#\\\/schema\\\/person\\\/4b6e06991eb4732ad1ed9101bfe40ff8\",\"name\":\"Behatuz SiiS\",\"image\":{\"@type\":\"ImageObject\",\"inLanguage\":\"eu-ES\",\"@id\":\"https:\\\/\\\/secure.gravatar.com\\\/avatar\\\/66ac819de06bcd347f324ef4dc4fe945881ca183b09cd13107be6b402cbf4d3c?s=96&d=mm&r=g\",\"url\":\"https:\\\/\\\/secure.gravatar.com\\\/avatar\\\/66ac819de06bcd347f324ef4dc4fe945881ca183b09cd13107be6b402cbf4d3c?s=96&d=mm&r=g\",\"contentUrl\":\"https:\\\/\\\/secure.gravatar.com\\\/avatar\\\/66ac819de06bcd347f324ef4dc4fe945881ca183b09cd13107be6b402cbf4d3c?s=96&d=mm&r=g\",\"caption\":\"Behatuz SiiS\"},\"url\":\"https:\\\/\\\/gizarte-zerbitzuak.behatuz.eus\\\/eu\\\/author\\\/behatuz\\\/\"}]}<\/script>\n<!-- \/ Yoast SEO Premium plugin. -->","yoast_head_json":{"title":"Gizarte-bazterketa egoeran dagoen pertsona - Behatuz","robots":{"index":"index","follow":"follow","max-snippet":"max-snippet:-1","max-image-preview":"max-image-preview:large","max-video-preview":"max-video-preview:-1"},"canonical":"https:\/\/gizarte-zerbitzuak.behatuz.eus\/eu\/nire-egoera\/gizarte-bazterketa-egoeran-dagoen-pertsona\/","og_locale":"eu_ES","og_type":"article","og_title":"Gizarte-bazterketa egoeran dagoen pertsona","og_description":"Portada \/ Nire egoera \/ Gizarte-bazterketa egoeran dagoen pertsona Garrantzitsua Adi: hemen Gizarte Zerbitzuei buruzko informazioa baino ez duzu aurkituko. Hau da, beste baliabide batzuei buruzko informazioa bilatzen baduzu, hala nola Diru-sarrerak Bermatzeko Errentari (DSBE) buruzkoa, familientzako kontziliazio-laguntzei buruzkoa, adingabeak eskolatzeari buruzkoa edo osasun-zerbitzuetarako sarbideari buruzkoa, Hezkuntza, Familia eta Haurtzaroa, Osakidetza edo Lanbideren atarietara jo&hellip;","og_url":"https:\/\/gizarte-zerbitzuak.behatuz.eus\/eu\/nire-egoera\/gizarte-bazterketa-egoeran-dagoen-pertsona\/","og_site_name":"Behatuz","article_modified_time":"2025-02-01T09:08:34+00:00","og_image":[{"url":"https:\/\/gizarte-zerbitzuak.behatuz.eus\/wp-content\/uploads\/2024\/05\/persona-exclusion-social-informacion-orientacion.svg","type":"","width":"","height":""}],"twitter_card":"summary_large_image","twitter_misc":{"Est. reading time":"1 minute"},"schema":{"@context":"https:\/\/schema.org","@graph":[{"@type":"TechArticle","@id":"https:\/\/gizarte-zerbitzuak.behatuz.eus\/eu\/nire-egoera\/gizarte-bazterketa-egoeran-dagoen-pertsona\/#article","isPartOf":{"@id":"https:\/\/gizarte-zerbitzuak.behatuz.eus\/eu\/nire-egoera\/gizarte-bazterketa-egoeran-dagoen-pertsona\/"},"author":{"name":"Behatuz SiiS","@id":"https:\/\/gizarte-zerbitzuak.behatuz.eus\/eu\/#\/schema\/person\/4b6e06991eb4732ad1ed9101bfe40ff8"},"headline":"Gizarte-bazterketa egoeran dagoen pertsona","datePublished":"2024-05-25T06:14:59+00:00","dateModified":"2025-02-01T09:08:34+00:00","mainEntityOfPage":{"@id":"https:\/\/gizarte-zerbitzuak.behatuz.eus\/eu\/nire-egoera\/gizarte-bazterketa-egoeran-dagoen-pertsona\/"},"wordCount":126,"publisher":{"@id":"https:\/\/gizarte-zerbitzuak.behatuz.eus\/eu\/#organization"},"image":{"@id":"https:\/\/gizarte-zerbitzuak.behatuz.eus\/eu\/nire-egoera\/gizarte-bazterketa-egoeran-dagoen-pertsona\/#primaryimage"},"thumbnailUrl":"https:\/\/gizarte-zerbitzuak.behatuz.eus\/wp-content\/uploads\/2024\/05\/persona-exclusion-social-informacion-orientacion.svg","articleSection":["Nagusia"],"inLanguage":"eu-ES"},{"@type":"WebPage","@id":"https:\/\/gizarte-zerbitzuak.behatuz.eus\/eu\/nire-egoera\/gizarte-bazterketa-egoeran-dagoen-pertsona\/","url":"https:\/\/gizarte-zerbitzuak.behatuz.eus\/eu\/nire-egoera\/gizarte-bazterketa-egoeran-dagoen-pertsona\/","name":"Gizarte-bazterketa egoeran dagoen pertsona - Behatuz","isPartOf":{"@id":"https:\/\/gizarte-zerbitzuak.behatuz.eus\/eu\/#website"},"primaryImageOfPage":{"@id":"https:\/\/gizarte-zerbitzuak.behatuz.eus\/eu\/nire-egoera\/gizarte-bazterketa-egoeran-dagoen-pertsona\/#primaryimage"},"image":{"@id":"https:\/\/gizarte-zerbitzuak.behatuz.eus\/eu\/nire-egoera\/gizarte-bazterketa-egoeran-dagoen-pertsona\/#primaryimage"},"thumbnailUrl":"https:\/\/gizarte-zerbitzuak.behatuz.eus\/wp-content\/uploads\/2024\/05\/persona-exclusion-social-informacion-orientacion.svg","datePublished":"2024-05-25T06:14:59+00:00","dateModified":"2025-02-01T09:08:34+00:00","breadcrumb":{"@id":"https:\/\/gizarte-zerbitzuak.behatuz.eus\/eu\/nire-egoera\/gizarte-bazterketa-egoeran-dagoen-pertsona\/#breadcrumb"},"inLanguage":"eu-ES","potentialAction":[{"@type":"ReadAction","target":["https:\/\/gizarte-zerbitzuak.behatuz.eus\/eu\/nire-egoera\/gizarte-bazterketa-egoeran-dagoen-pertsona\/"]}]},{"@type":"ImageObject","inLanguage":"eu-ES","@id":"https:\/\/gizarte-zerbitzuak.behatuz.eus\/eu\/nire-egoera\/gizarte-bazterketa-egoeran-dagoen-pertsona\/#primaryimage","url":"https:\/\/gizarte-zerbitzuak.behatuz.eus\/wp-content\/uploads\/2024\/05\/persona-exclusion-social-informacion-orientacion.svg","contentUrl":"https:\/\/gizarte-zerbitzuak.behatuz.eus\/wp-content\/uploads\/2024\/05\/persona-exclusion-social-informacion-orientacion.svg"},{"@type":"BreadcrumbList","@id":"https:\/\/gizarte-zerbitzuak.behatuz.eus\/eu\/nire-egoera\/gizarte-bazterketa-egoeran-dagoen-pertsona\/#breadcrumb","itemListElement":[{"@type":"ListItem","position":1,"name":"Portada","item":"https:\/\/gizarte-zerbitzuak.behatuz.eus\/eu\/"},{"@type":"ListItem","position":2,"name":"Nire egoera","item":"https:\/\/gizarte-zerbitzuak.behatuz.eus\/eu\/nire-egoera\/"},{"@type":"ListItem","position":3,"name":"Gizarte-bazterketa egoeran dagoen pertsona"}]},{"@type":"WebSite","@id":"https:\/\/gizarte-zerbitzuak.behatuz.eus\/eu\/#website","url":"https:\/\/gizarte-zerbitzuak.behatuz.eus\/eu\/","name":"Behatuz: Cat\u00e1logo de Servicios Sociales de Euskadi","description":"Behatuz: Cat\u00e1logo de Servicios Sociales de Euskadi","publisher":{"@id":"https:\/\/gizarte-zerbitzuak.behatuz.eus\/eu\/#organization"},"potentialAction":[{"@type":"SearchAction","target":{"@type":"EntryPoint","urlTemplate":"https:\/\/gizarte-zerbitzuak.behatuz.eus\/eu\/?s={search_term_string}"},"query-input":{"@type":"PropertyValueSpecification","valueRequired":true,"valueName":"search_term_string"}}],"inLanguage":"eu-ES"},{"@type":"Organization","@id":"https:\/\/gizarte-zerbitzuak.behatuz.eus\/eu\/#organization","name":"Behatuz","url":"https:\/\/gizarte-zerbitzuak.behatuz.eus\/eu\/","logo":{"@type":"ImageObject","inLanguage":"eu-ES","@id":"https:\/\/gizarte-zerbitzuak.behatuz.eus\/eu\/#\/schema\/logo\/image\/","url":"https:\/\/gizarte-zerbitzuak.behatuz.eus\/wp-content\/uploads\/2024\/04\/Logo.svg","contentUrl":"https:\/\/gizarte-zerbitzuak.behatuz.eus\/wp-content\/uploads\/2024\/04\/Logo.svg","width":180,"height":64,"caption":"Behatuz"},"image":{"@id":"https:\/\/gizarte-zerbitzuak.behatuz.eus\/eu\/#\/schema\/logo\/image\/"}},{"@type":"Person","@id":"https:\/\/gizarte-zerbitzuak.behatuz.eus\/eu\/#\/schema\/person\/4b6e06991eb4732ad1ed9101bfe40ff8","name":"Behatuz SiiS","image":{"@type":"ImageObject","inLanguage":"eu-ES","@id":"https:\/\/secure.gravatar.com\/avatar\/66ac819de06bcd347f324ef4dc4fe945881ca183b09cd13107be6b402cbf4d3c?s=96&d=mm&r=g","url":"https:\/\/secure.gravatar.com\/avatar\/66ac819de06bcd347f324ef4dc4fe945881ca183b09cd13107be6b402cbf4d3c?s=96&d=mm&r=g","contentUrl":"https:\/\/secure.gravatar.com\/avatar\/66ac819de06bcd347f324ef4dc4fe945881ca183b09cd13107be6b402cbf4d3c?s=96&d=mm&r=g","caption":"Behatuz SiiS"},"url":"https:\/\/gizarte-zerbitzuak.behatuz.eus\/eu\/author\/behatuz\/"}]}},"_links":{"self":[{"href":"https:\/\/gizarte-zerbitzuak.behatuz.eus\/eu\/wp-json\/wp\/v2\/pages\/5498","targetHints":{"allow":["GET"]}}],"collection":[{"href":"https:\/\/gizarte-zerbitzuak.behatuz.eus\/eu\/wp-json\/wp\/v2\/pages"}],"about":[{"href":"https:\/\/gizarte-zerbitzuak.behatuz.eus\/eu\/wp-json\/wp\/v2\/types\/page"}],"author":[{"embeddable":true,"href":"https:\/\/gizarte-zerbitzuak.behatuz.eus\/eu\/wp-json\/wp\/v2\/users\/3"}],"replies":[{"embeddable":true,"href":"https:\/\/gizarte-zerbitzuak.behatuz.eus\/eu\/wp-json\/wp\/v2\/comments?post=5498"}],"version-history":[{"count":0,"href":"https:\/\/gizarte-zerbitzuak.behatuz.eus\/eu\/wp-json\/wp\/v2\/pages\/5498\/revisions"}],"up":[{"embeddable":true,"href":"https:\/\/gizarte-zerbitzuak.behatuz.eus\/eu\/wp-json\/wp\/v2\/pages\/4566"}],"wp:attachment":[{"href":"https:\/\/gizarte-zerbitzuak.behatuz.eus\/eu\/wp-json\/wp\/v2\/media?parent=5498"}],"wp:term":[{"taxonomy":"category","embeddable":true,"href":"https:\/\/gizarte-zerbitzuak.behatuz.eus\/eu\/wp-json\/wp\/v2\/categories?post=5498"},{"taxonomy":"post_tag","embeddable":true,"href":"https:\/\/gizarte-zerbitzuak.behatuz.eus\/eu\/wp-json\/wp\/v2\/tags?post=5498"}],"curies":[{"name":"wp","href":"https:\/\/api.w.org\/{rel}","templated":true}]}}